{"id":31,"date":"2023-04-20T11:47:35","date_gmt":"2023-04-20T11:47:35","guid":{"rendered":"https:\/\/dummy.xtemos.com\/woodmart2\/furniture2-elementor\/?page_id=31"},"modified":"2026-04-02T00:31:58","modified_gmt":"2026-04-02T00:31:58","slug":"about-us","status":"publish","type":"page","link":"https:\/\/dzbodyfit.shop\/ar\/about-us\/","title":{"rendered":"About us"},"content":{"rendered":"<div data-elementor-type=\"wp-page\" data-elementor-id=\"31\" class=\"elementor elementor-31\">\n\t\t\t\t<div class=\"elementor-element elementor-element-558899b e-con-full wd-section-stretch-content e-flex e-con e-parent\" data-id=\"558899b\" data-element_type=\"container\" data-e-type=\"container\">\n\t\t<div class=\"elementor-element elementor-element-af8043f e-con-full e-flex e-con e-child\" data-id=\"af8043f\" data-element_type=\"container\" data-e-type=\"container\">\n\t\t\t\t<div class=\"elementor-element elementor-element-78a5da3 wd-width-100 elementor-widget elementor-widget-wd_title\" data-id=\"78a5da3\" data-element_type=\"widget\" data-e-type=\"widget\" data-widget_type=\"wd_title.default\">\n\t\t\t\t<div class=\"elementor-widget-container\">\n\t\t\t\t\t\t\t<div class=\"title-wrapper wd-set-mb reset-last-child wd-title-color-default wd-title-style-default wd-title-size-large text-center\">\n\n\t\t\t\n\t\t\t<div class=\"liner-continer\">\n\t\t\t\t<h4 class=\"woodmart-title-container title wd-fontsize-xxl\"> DZ Body Fit: \u0634\u0631\u064a\u0643\u0643 \u0627\u0644\u0623\u0645\u062b\u0644 \u0644\u0644\u0648\u0635\u0648\u0644 \u0625\u0644\u0649 \u0627\u0644\u0642\u0645\u0629.<\/h4> \n\t\t\t\t\t\t\t<\/div>\n\n\t\t\t\t\t<\/div>\n\t\t\t\t\t\t<\/div>\n\t\t\t\t<\/div>\n\t\t\t\t<div class=\"elementor-element elementor-element-49b9a13 elementor-widget elementor-widget-wd_text_block\" data-id=\"49b9a13\" data-element_type=\"widget\" data-e-type=\"widget\" data-widget_type=\"wd_text_block.default\">\n\t\t\t\t<div class=\"elementor-widget-container\">\n\t\t\t\t\t\t\t<div class=\"wd-text-block reset-last-child text-center\">\n\t\t\t\n\t\t\t<p><b data-path-to-node=\"6,0\" data-index-in-node=\"0\">Bienvenue chez DZ Body Fit<\/b> Votre partenaire de confiance pour la nutrition sportive en Alg\u00e9rie. Nous nous engageons \u00e0 fournir les meilleurs compl\u00e9ments alimentaires mondiaux (Rule 1, OstroVit, Reborn) pour vous aider \u00e0 atteindre vos objectifs physiques.<\/p><p>\u0646\u062d\u0646 \u0644\u0633\u0646 \u0645\u062c\u0631\u062f \u0645\u062a\u062c\u0631 \u0645\u0643\u0645\u0644\u0627\u062a \u063a\u0630\u0627\u0626\u064a\u0629\u060c \u0646\u062d\u0646 \u0648\u062c\u0647\u062a\u0643 \u0627\u0644\u0623\u0648\u0644\u0649 \u0641\u064a \u0627\u0644\u062c\u0632\u0627\u0626\u0631 \u0644\u0644\u062d\u0635\u0648\u0644 \u0639\u0644\u0649 \u0623\u062c\u0648\u062f \u0627\u0644\u0645\u0646\u062a\u062c\u0627\u062a \u0627\u0644\u0639\u0627\u0644\u0645\u064a\u0629 \u0627\u0644\u062a\u064a \u062a\u0633\u0627\u0639\u062f\u0643 \u0639\u0644\u0649 \u0628\u0646\u0627\u0621 \u062c\u0633\u0645\u0643 \u0648\u0627\u0644\u062d\u0641\u0627\u0638 \u0639\u0644\u0649 \u0635\u062d\u062a\u0643 \u0628\u0623\u0645\u0627\u0646 \u0648\u062b\u0642\u0629.<\/p>\n\t\t\t\t\t<\/div>\n\t\t\t\t\t\t<\/div>\n\t\t\t\t<\/div>\n\t\t\t\t<\/div>\n\t\t\t\t<\/div>\n\t\t\t\t<\/div>","protected":false},"excerpt":{"rendered":"<p>DZ Body Fit: \u0634\u0631\u064a\u0643\u0643 \u0627\u0644\u0623\u0645\u062b\u0644 \u0644\u0644\u0648\u0635\u0648\u0644 \u0625\u0644\u0649 \u0627\u0644\u0642\u0645\u0629. Bienvenue chez DZ Body Fit Votre partenaire de confiance pour la nutrition<\/p>","protected":false},"author":1,"featured_media":0,"parent":0,"menu_order":0,"comment_status":"closed","ping_status":"closed","template":"","meta":{"footnotes":""},"class_list":["post-31","page","type-page","status-publish","hentry"],"jetpack_sharing_enabled":true,"_links":{"self":[{"href":"https:\/\/dzbodyfit.shop\/ar\/wp-json\/wp\/v2\/pages\/31","targetHints":{"allow":["GET"]}}],"collection":[{"href":"https:\/\/dzbodyfit.shop\/ar\/wp-json\/wp\/v2\/pages"}],"about":[{"href":"https:\/\/dzbodyfit.shop\/ar\/wp-json\/wp\/v2\/types\/page"}],"author":[{"embeddable":true,"href":"https:\/\/dzbodyfit.shop\/ar\/wp-json\/wp\/v2\/users\/1"}],"replies":[{"embeddable":true,"href":"https:\/\/dzbodyfit.shop\/ar\/wp-json\/wp\/v2\/comments?post=31"}],"version-history":[{"count":9,"href":"https:\/\/dzbodyfit.shop\/ar\/wp-json\/wp\/v2\/pages\/31\/revisions"}],"predecessor-version":[{"id":2102,"href":"https:\/\/dzbodyfit.shop\/ar\/wp-json\/wp\/v2\/pages\/31\/revisions\/2102"}],"wp:attachment":[{"href":"https:\/\/dzbodyfit.shop\/ar\/wp-json\/wp\/v2\/media?parent=31"}],"curies":[{"name":"wp","href":"https:\/\/api.w.org\/{rel}","templated":true}]}}