{"id":1879,"date":"2026-03-28T21:37:27","date_gmt":"2026-03-28T21:37:27","guid":{"rendered":"https:\/\/dzbodyfit.shop\/?post_type=product&#038;p=1879"},"modified":"2026-03-31T22:02:45","modified_gmt":"2026-03-31T22:02:45","slug":"r1-whey","status":"publish","type":"product","link":"https:\/\/dzbodyfit.shop\/ar\/product\/r1-whey\/","title":{"rendered":"Rule 1 Whey Protein 100%"},"content":{"rendered":"<ul>\n<li>\n<p data-path-to-node=\"3,0,0\"><b>\u00a0<\/b>Un m\u00e9lange de prot\u00e9ines de haute qualit\u00e9 combinant l&rsquo;isolat et l&rsquo;hydrolysat de lactos\u00e9rum pour une absorption ultra-rapide. Ce produit est reconnu pour sa puret\u00e9 exceptionnelle, \u00e9tant pratiquement sans graisses, sans sucres et sans gommes. Il est id\u00e9al pour nourrir les muscles imm\u00e9diatement apr\u00e8s l&rsquo;entra\u00eenement, favoriser la synth\u00e8se prot\u00e9ique et optimiser la r\u00e9cup\u00e9ration musculaire.<\/p>\n<\/li>\n<li>\n<p data-path-to-node=\"3,1,0\">\u00a0\u0645\u0632\u064a\u062c \u0628\u0631\u0648\u062a\u064a\u0646 \u0639\u0627\u0644\u064a \u0627\u0644\u062c\u0648\u062f\u0629 \u064a\u062c\u0645\u0639 \u0628\u064a\u0646 \u0645\u0639\u0632\u0648\u0644 \u0645\u0635\u0644 \u0627\u0644\u0644\u0628\u0646 (Isolate) \u0648\u0627\u0644\u0645\u062a\u062d\u0644\u0644 \u0645\u0627\u0626\u064a\u064b\u0627 (Hydrolysate) \u0644\u0636\u0645\u0627\u0646 \u0627\u0645\u062a\u0635\u0627\u0635 \u0641\u0627\u0626\u0642 \u0627\u0644\u0633\u0631\u0639\u0629. \u064a\u062a\u0645\u064a\u0632 \u0647\u0630\u0627 \u0627\u0644\u0645\u0646\u062a\u062c \u0628\u0646\u0642\u0627\u0626\u0647 \u0627\u0644\u0639\u0627\u0644\u064a\u060c \u062d\u064a\u062b \u064a\u0643\u0627\u062f \u064a\u062e\u0644\u0648 \u062a\u0645\u0627\u0645\u0627\u064b \u0645\u0646 \u0627\u0644\u062f\u0647\u0648\u0646 \u0648\u0627\u0644\u0633\u0643\u0631\u064a\u0627\u062a \u0648\u0627\u0644\u0645\u0648\u0627\u062f \u0627\u0644\u0645\u0643\u062b\u0641\u0629. \u0647\u0648 \u0645\u062b\u0627\u0644\u064a \u0644\u062a\u063a\u0630\u064a\u0629 \u0627\u0644\u0639\u0636\u0644\u0627\u062a \u0641\u0648\u0631\u0627\u064b \u0628\u0639\u062f \u0627\u0644\u062a\u0645\u0631\u064a\u0646\u060c \u062a\u0639\u0632\u064a\u0632 \u0628\u0646\u0627\u0621 \u0627\u0644\u0628\u0631\u0648\u062a\u064a\u0646\u060c \u0648\u062a\u062d\u0642\u064a\u0642 \u0623\u0641\u0636\u0644 \u0627\u0633\u062a\u0634\u0641\u0627\u0621 \u0639\u0636\u0644\u064a.<\/p>\n<\/li>\n<\/ul>\n<ul data-path-to-node=\"13\">\n<li>\n<p data-path-to-node=\"13,3,0\"><b data-path-to-node=\"13,3,0\" data-index-in-node=\"0\">\u0627\u0644\u062a\u0648\u0635\u064a\u0644:<\/b> \u0645\u062a\u0648\u0641\u0631 \u0644\u0640 58 \u0648\u0644\u0627\u064a\u0629 \u0645\u0639 \u062e\u0627\u0635\u064a\u0629 \u0627\u0644\u062f\u0641\u0639 \u0639\u0646\u062f \u0627\u0644\u0627\u0633\u062a\u0644\u0627\u0645.<\/p>\n<\/li>\n<\/ul>","protected":false},"excerpt":{"rendered":"<p><b>\u00a0<\/b><\/p>","protected":false},"featured_media":1880,"comment_status":"open","ping_status":"closed","template":"","meta":[],"product_brand":[82],"product_cat":[89,90],"product_tag":[],"class_list":{"0":"post-1879","1":"product","2":"type-product","3":"status-publish","4":"has-post-thumbnail","6":"product_brand-rule-1","7":"product_cat-proteins","8":"product_cat-fat-loss","10":"first","11":"instock","12":"shipping-taxable","13":"purchasable","14":"product-type-simple"},"jetpack_sharing_enabled":true,"_links":{"self":[{"href":"https:\/\/dzbodyfit.shop\/ar\/wp-json\/wp\/v2\/product\/1879","targetHints":{"allow":["GET"]}}],"collection":[{"href":"https:\/\/dzbodyfit.shop\/ar\/wp-json\/wp\/v2\/product"}],"about":[{"href":"https:\/\/dzbodyfit.shop\/ar\/wp-json\/wp\/v2\/types\/product"}],"replies":[{"embeddable":true,"href":"https:\/\/dzbodyfit.shop\/ar\/wp-json\/wp\/v2\/comments?post=1879"}],"version-history":[{"count":4,"href":"https:\/\/dzbodyfit.shop\/ar\/wp-json\/wp\/v2\/product\/1879\/revisions"}],"predecessor-version":[{"id":2074,"href":"https:\/\/dzbodyfit.shop\/ar\/wp-json\/wp\/v2\/product\/1879\/revisions\/2074"}],"wp:featuredmedia":[{"embeddable":true,"href":"https:\/\/dzbodyfit.shop\/ar\/wp-json\/wp\/v2\/media\/1880"}],"wp:attachment":[{"href":"https:\/\/dzbodyfit.shop\/ar\/wp-json\/wp\/v2\/media?parent=1879"}],"wp:term":[{"taxonomy":"product_brand","embeddable":true,"href":"https:\/\/dzbodyfit.shop\/ar\/wp-json\/wp\/v2\/product_brand?post=1879"},{"taxonomy":"product_cat","embeddable":true,"href":"https:\/\/dzbodyfit.shop\/ar\/wp-json\/wp\/v2\/product_cat?post=1879"},{"taxonomy":"product_tag","embeddable":true,"href":"https:\/\/dzbodyfit.shop\/ar\/wp-json\/wp\/v2\/product_tag?post=1879"}],"curies":[{"name":"wp","href":"https:\/\/api.w.org\/{rel}","templated":true}]}}