{"id":1887,"date":"2026-03-28T21:48:22","date_gmt":"2026-03-28T21:48:22","guid":{"rendered":"https:\/\/dzbodyfit.shop\/?post_type=product&#038;p=1887"},"modified":"2026-03-31T22:33:19","modified_gmt":"2026-03-31T22:33:19","slug":"ostrovit-creatine-monohydrate-500g","status":"publish","type":"product","link":"https:\/\/dzbodyfit.shop\/ar\/product\/ostrovit-creatine-monohydrate-500g\/","title":{"rendered":"OstroVit Creatine Monohydrate (500g)"},"content":{"rendered":"<ul>\n<li>\n<p data-path-to-node=\"3,0,0\"><b>\u00a0<\/b>Un compl\u00e9ment de cr\u00e9atine monohydrate pure de haute qualit\u00e9, con\u00e7u pour augmenter la force, l&rsquo;endurance et l&rsquo;hydratation cellulaire des muscles. Ce format \u00e9conomique de 500g offre un excellent rapport qualit\u00e9-prix pour les sportifs cherchant \u00e0 am\u00e9liorer leurs performances physiques lors d&rsquo;efforts courts et intensifs tout en favorisant la croissance musculaire.<\/p>\n<\/li>\n<li>\n<p data-path-to-node=\"3,1,0\"><b>\u00a0<\/b> \u0645\u0643\u0645\u0644 \u0643\u0631\u064a\u0627\u062a\u064a\u0646 \u0645\u0648\u0646\u0648\u0647\u064a\u062f\u0631\u0627\u062a \u0646\u0642\u064a \u0639\u0627\u0644\u064a \u0627\u0644\u062c\u0648\u062f\u0629\u060c \u0645\u0635\u0645\u0645 \u0644\u0632\u064a\u0627\u062f\u0629 \u0627\u0644\u0642\u0648\u0629 \u0648\u0627\u0644\u062a\u062d\u0645\u0644 \u0648\u0627\u0644\u062a\u0631\u0637\u064a\u0628 \u0627\u0644\u062e\u0644\u0648\u064a \u0644\u0644\u0639\u0636\u0644\u0627\u062a. \u064a\u0648\u0641\u0631 \u0647\u0630\u0627 \u0627\u0644\u062d\u062c\u0645 \u0627\u0644\u0627\u0642\u062a\u0635\u0627\u062f\u064a (500 \u063a\u0631\u0627\u0645) \u0642\u064a\u0645\u0629 \u0645\u0645\u062a\u0627\u0632\u0629 \u0645\u0642\u0627\u0628\u0644 \u0627\u0644\u0633\u0639\u0631 \u0644\u0644\u0631\u064a\u0627\u0636\u064a\u064a\u0646 \u0627\u0644\u0630\u064a\u0646 \u064a\u0633\u0639\u0648\u0646 \u0644\u062a\u062d\u0633\u064a\u0646 \u0623\u062f\u0627\u0626\u0647\u0645 \u0627\u0644\u0628\u062f\u0646\u064a \u062e\u0644\u0627\u0644 \u0627\u0644\u062a\u0645\u0627\u0631\u064a\u0646 \u0627\u0644\u0642\u0635\u064a\u0631\u0629 \u0648\u0627\u0644\u0645\u0643\u062b\u0641\u0629 \u0645\u0639 \u062a\u0639\u0632\u064a\u0632 \u0627\u0644\u0646\u0645\u0648 \u0627\u0644\u0639\u0636\u0644\u064a.<\/p>\n<\/li>\n<\/ul>","protected":false},"excerpt":{"rendered":"<p>\u00a0Un compl\u00e9ment de cr\u00e9atine monohydrate pure de haute qualit\u00e9, con\u00e7u pour augmenter la force, l&rsquo;endurance et l&rsquo;hydratation cellulaire des muscles.<\/p>","protected":false},"featured_media":1888,"comment_status":"open","ping_status":"closed","template":"","meta":[],"product_brand":[80],"product_cat":[98],"product_tag":[],"class_list":{"0":"post-1887","1":"product","2":"type-product","3":"status-publish","4":"has-post-thumbnail","6":"product_brand-ostrovit","7":"product_cat-creatine","9":"first","10":"instock","11":"shipping-taxable","12":"product-type-simple"},"jetpack_sharing_enabled":true,"_links":{"self":[{"href":"https:\/\/dzbodyfit.shop\/ar\/wp-json\/wp\/v2\/product\/1887","targetHints":{"allow":["GET"]}}],"collection":[{"href":"https:\/\/dzbodyfit.shop\/ar\/wp-json\/wp\/v2\/product"}],"about":[{"href":"https:\/\/dzbodyfit.shop\/ar\/wp-json\/wp\/v2\/types\/product"}],"replies":[{"embeddable":true,"href":"https:\/\/dzbodyfit.shop\/ar\/wp-json\/wp\/v2\/comments?post=1887"}],"version-history":[{"count":2,"href":"https:\/\/dzbodyfit.shop\/ar\/wp-json\/wp\/v2\/product\/1887\/revisions"}],"predecessor-version":[{"id":2083,"href":"https:\/\/dzbodyfit.shop\/ar\/wp-json\/wp\/v2\/product\/1887\/revisions\/2083"}],"wp:featuredmedia":[{"embeddable":true,"href":"https:\/\/dzbodyfit.shop\/ar\/wp-json\/wp\/v2\/media\/1888"}],"wp:attachment":[{"href":"https:\/\/dzbodyfit.shop\/ar\/wp-json\/wp\/v2\/media?parent=1887"}],"wp:term":[{"taxonomy":"product_brand","embeddable":true,"href":"https:\/\/dzbodyfit.shop\/ar\/wp-json\/wp\/v2\/product_brand?post=1887"},{"taxonomy":"product_cat","embeddable":true,"href":"https:\/\/dzbodyfit.shop\/ar\/wp-json\/wp\/v2\/product_cat?post=1887"},{"taxonomy":"product_tag","embeddable":true,"href":"https:\/\/dzbodyfit.shop\/ar\/wp-json\/wp\/v2\/product_tag?post=1887"}],"curies":[{"name":"wp","href":"https:\/\/api.w.org\/{rel}","templated":true}]}}