{"id":2023,"date":"2026-03-31T19:06:51","date_gmt":"2026-03-31T19:06:51","guid":{"rendered":"https:\/\/dzbodyfit.shop\/?post_type=product&#038;p=2023"},"modified":"2026-03-31T22:16:57","modified_gmt":"2026-03-31T22:16:57","slug":"nutrex-lipo-6-black-ultra-concentrate-60-capsules","status":"publish","type":"product","link":"https:\/\/dzbodyfit.shop\/ar\/product\/nutrex-lipo-6-black-ultra-concentrate-60-capsules\/","title":{"rendered":"Nutrex Lipo 6 Black Ultra Concentrate (60 capsules)"},"content":{"rendered":"<p>Il s&rsquo;agit d&rsquo;un br\u00fbleur de graisse ultra-concentr\u00e9 et extr\u00eamement puissant, con\u00e7u pour aider le corps \u00e0 \u00e9liminer les graisses stock\u00e9es. Gr\u00e2ce \u00e0 sa formule \u00ab\u00a0une seule pilule\u00a0\u00bb, il stimule le m\u00e9tabolisme, augmente la vigilance mentale et aide \u00e0 contr\u00f4ler l&rsquo;app\u00e9tit pour favoriser la perte de poids lors d&rsquo;un r\u00e9gime actif<\/p>\n<p>\u062d\u0627\u0631\u0642 \u062f\u0647\u0648\u0646 \u0641\u0627\u0626\u0642 \u0627\u0644\u062a\u0631\u0643\u064a\u0632 \u0648\u0642\u0648\u064a \u0644\u0644\u063a\u0627\u064a\u0629\u060c \u0645\u0635\u0645\u0645 \u0644\u0645\u0633\u0627\u0639\u062f\u0629 \u0627\u0644\u062c\u0633\u0645 \u0639\u0644\u0649 \u0627\u0644\u062a\u062e\u0644\u0635 \u0645\u0646 \u0627\u0644\u062f\u0647\u0648\u0646 \u0627\u0644\u0645\u062e\u0632\u0646\u0629. \u0628\u0641\u0636\u0644 \u062a\u0631\u0643\u064a\u0628\u062a\u0647 \u0627\u0644\u062a\u064a \u062a\u0639\u062a\u0645\u062f \u0639\u0644\u0649 \u00ab\u00a0\u0643\u0628\u0633\u0648\u0644\u0629 \u0648\u0627\u062d\u062f\u0629 \u0641\u0642\u0637\u00a0\u00bb\u060c \u064a\u0639\u0645\u0644 \u0639\u0644\u0649 \u062a\u062d\u0641\u064a\u0632 \u0639\u0645\u0644\u064a\u0629 \u0627\u0644\u062a\u0645\u062b\u064a\u0644 \u0627\u0644\u063a\u0630\u0627\u0626\u064a (\u0627\u0644\u0623\u064a\u0636)\u060c \u0632\u064a\u0627\u062f\u0629 \u0627\u0644\u064a\u0642\u0638\u0629 \u0627\u0644\u0630\u0647\u0646\u064a\u0629\u060c \u0648\u0627\u0644\u0645\u0633\u0627\u0639\u062f\u0629 \u0641\u064a \u0627\u0644\u0633\u064a\u0637\u0631\u0629 \u0639\u0644\u0649 \u0627\u0644\u0634\u0647\u064a\u0629 \u0644\u062f\u0639\u0645 \u0641\u0642\u062f\u0627\u0646 \u0627\u0644\u0648\u0632\u0646 \u0623\u062b\u0646\u0627\u0621 \u0627\u062a\u0628\u0627\u0639 \u0646\u0638\u0627\u0645 \u063a\u0630\u0627\u0626\u064a \u0646\u0634\u0637.<\/p>","protected":false},"excerpt":{"rendered":"<p>Il s&rsquo;agit d&rsquo;un br\u00fbleur de graisse ultra-concentr\u00e9 et extr\u00eamement puissant, con\u00e7u pour aider le corps \u00e0 \u00e9liminer les graisses stock\u00e9es.<\/p>","protected":false},"featured_media":2024,"comment_status":"open","ping_status":"closed","template":"","meta":[],"product_brand":[103],"product_cat":[90],"product_tag":[],"class_list":{"0":"post-2023","1":"product","2":"type-product","3":"status-publish","4":"has-post-thumbnail","6":"product_brand-nutrex","7":"product_cat-fat-loss","9":"first","10":"instock","11":"shipping-taxable","12":"purchasable","13":"product-type-simple"},"jetpack_sharing_enabled":true,"_links":{"self":[{"href":"https:\/\/dzbodyfit.shop\/ar\/wp-json\/wp\/v2\/product\/2023","targetHints":{"allow":["GET"]}}],"collection":[{"href":"https:\/\/dzbodyfit.shop\/ar\/wp-json\/wp\/v2\/product"}],"about":[{"href":"https:\/\/dzbodyfit.shop\/ar\/wp-json\/wp\/v2\/types\/product"}],"replies":[{"embeddable":true,"href":"https:\/\/dzbodyfit.shop\/ar\/wp-json\/wp\/v2\/comments?post=2023"}],"version-history":[{"count":1,"href":"https:\/\/dzbodyfit.shop\/ar\/wp-json\/wp\/v2\/product\/2023\/revisions"}],"predecessor-version":[{"id":2025,"href":"https:\/\/dzbodyfit.shop\/ar\/wp-json\/wp\/v2\/product\/2023\/revisions\/2025"}],"wp:featuredmedia":[{"embeddable":true,"href":"https:\/\/dzbodyfit.shop\/ar\/wp-json\/wp\/v2\/media\/2024"}],"wp:attachment":[{"href":"https:\/\/dzbodyfit.shop\/ar\/wp-json\/wp\/v2\/media?parent=2023"}],"wp:term":[{"taxonomy":"product_brand","embeddable":true,"href":"https:\/\/dzbodyfit.shop\/ar\/wp-json\/wp\/v2\/product_brand?post=2023"},{"taxonomy":"product_cat","embeddable":true,"href":"https:\/\/dzbodyfit.shop\/ar\/wp-json\/wp\/v2\/product_cat?post=2023"},{"taxonomy":"product_tag","embeddable":true,"href":"https:\/\/dzbodyfit.shop\/ar\/wp-json\/wp\/v2\/product_tag?post=2023"}],"curies":[{"name":"wp","href":"https:\/\/api.w.org\/{rel}","templated":true}]}}