{"id":2026,"date":"2026-03-31T19:15:45","date_gmt":"2026-03-31T19:15:45","guid":{"rendered":"https:\/\/dzbodyfit.shop\/?post_type=product&#038;p=2026"},"modified":"2026-03-31T22:18:57","modified_gmt":"2026-03-31T22:18:57","slug":"ostrovit-fat-burner-extreme-90-capsules","status":"publish","type":"product","link":"https:\/\/dzbodyfit.shop\/ar\/product\/ostrovit-fat-burner-extreme-90-capsules\/","title":{"rendered":"OstroVit Fat Burner Extreme (90 capsules)"},"content":{"rendered":"<p>\u0645\u0643\u0645\u0644 \u063a\u0630\u0627\u0626\u064a \u0642\u0648\u064a \u064a\u062c\u0645\u0639 \u0628\u064a\u0646 \u0645\u0633\u062a\u062e\u0644\u0635\u0627\u062a \u0646\u0628\u0627\u062a\u064a\u0629 \u0637\u0628\u064a\u0639\u064a\u0629 (\u0627\u0644\u0643\u0627\u0641\u064a\u064a\u0646\u060c \u0627\u0644\u0634\u0627\u064a \u0627\u0644\u0623\u062e\u0636\u0631\u060c \u0627\u0644\u0632\u0646\u062c\u0628\u064a\u0644\u060c \u0627\u0644\u0641\u0644\u0641\u0644 \u0627\u0644\u0623\u0633\u0648\u062f) \u0648\u0627\u0644\u0640 \u0625\u0644-\u0643\u0627\u0631\u0646\u064a\u062a\u064a\u0646. \u0635\u064f\u0645\u0645 \u0644\u062a\u062d\u0641\u064a\u0632 \u0639\u0645\u0644\u064a\u0629 \u0627\u0644\u062a\u0648\u0644\u064a\u062f \u0627\u0644\u062d\u0631\u0627\u0631\u064a\u060c \u062a\u0633\u0631\u064a\u0639 \u062d\u0631\u0642 \u0627\u0644\u062f\u0647\u0648\u0646\u060c \u0648\u062a\u0648\u0641\u064a\u0631 \u062f\u0641\u0639\u0629 \u0642\u0648\u064a\u0629 \u0645\u0646 \u0627\u0644\u0637\u0627\u0642\u0629\u060c \u0645\u0639 \u0627\u0644\u0645\u0633\u0627\u0639\u062f\u0629 \u0641\u064a \u062a\u0642\u0644\u064a\u0644 \u0627\u0644\u0634\u0639\u0648\u0631 \u0628\u0627\u0644\u062c\u0648\u0639 \u062e\u0644\u0627\u0644 \u0641\u062a\u0631\u0627\u062a \u0627\u0644\u0646\u0638\u0627\u0645 \u0627\u0644\u063a\u0630\u0627\u0626\u064a \u0627\u0644\u0635\u0627\u0631\u0645.<\/p>\n<p>Un compl\u00e9ment alimentaire puissant associant des extraits naturels de plantes (caf\u00e9ine, th\u00e9 vert, gingembre, poivre noir) et de la L-carnitine. Il est con\u00e7u pour stimuler la thermogen\u00e8se, acc\u00e9l\u00e9rer le m\u00e9tabolisme des graisses et fournir un regain d&rsquo;\u00e9nergie intense, tout en aidant \u00e0 r\u00e9duire la sensation de faim pendant les p\u00e9riodes de r\u00e9gime strict.<\/p>","protected":false},"excerpt":{"rendered":"<p>\u0645\u0643\u0645\u0644 \u063a\u0630\u0627\u0626\u064a \u0642\u0648\u064a \u064a\u062c\u0645\u0639 \u0628\u064a\u0646 \u0645\u0633\u062a\u062e\u0644\u0635\u0627\u062a \u0646\u0628\u0627\u062a\u064a\u0629 \u0637\u0628\u064a\u0639\u064a\u0629 (\u0627\u0644\u0643\u0627\u0641\u064a\u064a\u0646\u060c \u0627\u0644\u0634\u0627\u064a \u0627\u0644\u0623\u062e\u0636\u0631\u060c \u0627\u0644\u0632\u0646\u062c\u0628\u064a\u0644\u060c \u0627\u0644\u0641\u0644\u0641\u0644 \u0627\u0644\u0623\u0633\u0648\u062f) \u0648\u0627\u0644\u0640 \u0625\u0644-\u0643\u0627\u0631\u0646\u064a\u062a\u064a\u0646. \u0635\u064f\u0645\u0645 \u0644\u062a\u062d\u0641\u064a\u0632 \u0639\u0645\u0644\u064a\u0629 \u0627\u0644\u062a\u0648\u0644\u064a\u062f<\/p>","protected":false},"featured_media":2030,"comment_status":"open","ping_status":"closed","template":"","meta":[],"product_brand":[80],"product_cat":[90],"product_tag":[],"class_list":{"0":"post-2026","1":"product","2":"type-product","3":"status-publish","4":"has-post-thumbnail","6":"product_brand-ostrovit","7":"product_cat-fat-loss","9":"first","10":"instock","11":"shipping-taxable","12":"purchasable","13":"product-type-simple"},"jetpack_sharing_enabled":true,"_links":{"self":[{"href":"https:\/\/dzbodyfit.shop\/ar\/wp-json\/wp\/v2\/product\/2026","targetHints":{"allow":["GET"]}}],"collection":[{"href":"https:\/\/dzbodyfit.shop\/ar\/wp-json\/wp\/v2\/product"}],"about":[{"href":"https:\/\/dzbodyfit.shop\/ar\/wp-json\/wp\/v2\/types\/product"}],"replies":[{"embeddable":true,"href":"https:\/\/dzbodyfit.shop\/ar\/wp-json\/wp\/v2\/comments?post=2026"}],"version-history":[{"count":1,"href":"https:\/\/dzbodyfit.shop\/ar\/wp-json\/wp\/v2\/product\/2026\/revisions"}],"predecessor-version":[{"id":2031,"href":"https:\/\/dzbodyfit.shop\/ar\/wp-json\/wp\/v2\/product\/2026\/revisions\/2031"}],"wp:featuredmedia":[{"embeddable":true,"href":"https:\/\/dzbodyfit.shop\/ar\/wp-json\/wp\/v2\/media\/2030"}],"wp:attachment":[{"href":"https:\/\/dzbodyfit.shop\/ar\/wp-json\/wp\/v2\/media?parent=2026"}],"wp:term":[{"taxonomy":"product_brand","embeddable":true,"href":"https:\/\/dzbodyfit.shop\/ar\/wp-json\/wp\/v2\/product_brand?post=2026"},{"taxonomy":"product_cat","embeddable":true,"href":"https:\/\/dzbodyfit.shop\/ar\/wp-json\/wp\/v2\/product_cat?post=2026"},{"taxonomy":"product_tag","embeddable":true,"href":"https:\/\/dzbodyfit.shop\/ar\/wp-json\/wp\/v2\/product_tag?post=2026"}],"curies":[{"name":"wp","href":"https:\/\/api.w.org\/{rel}","templated":true}]}}