{"id":2033,"date":"2026-03-31T19:30:29","date_gmt":"2026-03-31T19:30:29","guid":{"rendered":"https:\/\/dzbodyfit.shop\/?post_type=product&#038;p=2033"},"modified":"2026-04-01T21:28:32","modified_gmt":"2026-04-01T21:28:32","slug":"biotine-advance-3000-mcg","status":"publish","type":"product","link":"https:\/\/dzbodyfit.shop\/ar\/product\/biotine-advance-3000-mcg\/","title":{"rendered":"biotine advance 3000 mcg"},"content":{"rendered":"<ul>\n<li>\n<p data-path-to-node=\"3,0,0\"><b>\u00a0<\/b> Ce compl\u00e9ment alimentaire \u00e0 haute concentration en Biotine (Vitamine B7) est sp\u00e9cifiquement formul\u00e9 pour favoriser la sant\u00e9 de la peau, des ongles et des cheveux. Il aide \u00e0 renforcer la structure capillaire, \u00e0 pr\u00e9venir la casse des ongles et \u00e0 maintenir l&rsquo;\u00e9clat du teint en soutenant le m\u00e9tabolisme naturel des nutriments.<\/p>\n<\/li>\n<li>\n<p data-path-to-node=\"3,1,0\"><b>\u00a0<\/b> \u0645\u0643\u0645\u0644 \u063a\u0630\u0627\u0626\u064a \u0628\u062a\u0631\u0643\u064a\u0632 \u0639\u0627\u0644\u064d \u0645\u0646 \u0627\u0644\u0628\u064a\u0648\u062a\u064a\u0646 (\u0641\u064a\u062a\u0627\u0645\u064a\u0646 B7)\u060c \u0645\u0635\u0645\u0645 \u062e\u0635\u064a\u0635\u0627\u064b \u0644\u062a\u0639\u0632\u064a\u0632 \u0635\u062d\u0629 \u0627\u0644\u0628\u0634\u0631\u0629 \u0648\u0627\u0644\u0623\u0638\u0627\u0641\u0631 \u0648\u0627\u0644\u0634\u0639\u0631. \u064a\u0633\u0627\u0639\u062f \u0641\u064a \u062a\u0642\u0648\u064a\u0629 \u0628\u0646\u064a\u0629 \u0627\u0644\u0634\u0639\u0631 \u0648\u0645\u0646\u0639 \u062a\u0643\u0633\u0631 \u0627\u0644\u0623\u0638\u0627\u0641\u0631 \u0648\u0627\u0644\u062d\u0641\u0627\u0638 \u0639\u0644\u0649 \u0646\u0636\u0627\u0631\u0629 \u0627\u0644\u0628\u0634\u0631\u0629 \u0645\u0646 \u062e\u0644\u0627\u0644 \u062f\u0639\u0645 \u0639\u0645\u0644\u064a\u0629 \u0627\u0644\u062a\u0645\u062b\u064a\u0644 \u0627\u0644\u063a\u0630\u0627\u0626\u064a \u0627\u0644\u0637\u0628\u064a\u0639\u064a\u0629 \u0644\u0644\u0645\u063a\u0630\u064a\u0627\u062a.<\/p>\n<\/li>\n<\/ul>","protected":false},"excerpt":{"rendered":"<p>\u00a0 Ce compl\u00e9ment alimentaire \u00e0 haute concentration en Biotine (Vitamine B7) est sp\u00e9cifiquement formul\u00e9 pour favoriser la sant\u00e9 de la<\/p>","protected":false},"featured_media":2086,"comment_status":"open","ping_status":"closed","template":"","meta":[],"product_brand":[],"product_cat":[95,93],"product_tag":[],"class_list":{"0":"post-2033","1":"product","2":"type-product","3":"status-publish","4":"has-post-thumbnail","6":"product_cat-joints-skin","7":"product_cat-women","9":"first","10":"instock","11":"shipping-taxable","12":"purchasable","13":"product-type-simple"},"jetpack_sharing_enabled":true,"_links":{"self":[{"href":"https:\/\/dzbodyfit.shop\/ar\/wp-json\/wp\/v2\/product\/2033","targetHints":{"allow":["GET"]}}],"collection":[{"href":"https:\/\/dzbodyfit.shop\/ar\/wp-json\/wp\/v2\/product"}],"about":[{"href":"https:\/\/dzbodyfit.shop\/ar\/wp-json\/wp\/v2\/types\/product"}],"replies":[{"embeddable":true,"href":"https:\/\/dzbodyfit.shop\/ar\/wp-json\/wp\/v2\/comments?post=2033"}],"version-history":[{"count":1,"href":"https:\/\/dzbodyfit.shop\/ar\/wp-json\/wp\/v2\/product\/2033\/revisions"}],"predecessor-version":[{"id":2035,"href":"https:\/\/dzbodyfit.shop\/ar\/wp-json\/wp\/v2\/product\/2033\/revisions\/2035"}],"wp:featuredmedia":[{"embeddable":true,"href":"https:\/\/dzbodyfit.shop\/ar\/wp-json\/wp\/v2\/media\/2086"}],"wp:attachment":[{"href":"https:\/\/dzbodyfit.shop\/ar\/wp-json\/wp\/v2\/media?parent=2033"}],"wp:term":[{"taxonomy":"product_brand","embeddable":true,"href":"https:\/\/dzbodyfit.shop\/ar\/wp-json\/wp\/v2\/product_brand?post=2033"},{"taxonomy":"product_cat","embeddable":true,"href":"https:\/\/dzbodyfit.shop\/ar\/wp-json\/wp\/v2\/product_cat?post=2033"},{"taxonomy":"product_tag","embeddable":true,"href":"https:\/\/dzbodyfit.shop\/ar\/wp-json\/wp\/v2\/product_tag?post=2033"}],"curies":[{"name":"wp","href":"https:\/\/api.w.org\/{rel}","templated":true}]}}