{"id":2036,"date":"2026-03-31T19:34:02","date_gmt":"2026-03-31T19:34:02","guid":{"rendered":"https:\/\/dzbodyfit.shop\/?post_type=product&#038;p=2036"},"modified":"2026-04-01T21:43:16","modified_gmt":"2026-04-01T21:43:16","slug":"collagene-marin-next-level","status":"publish","type":"product","link":"https:\/\/dzbodyfit.shop\/ar\/product\/collagene-marin-next-level\/","title":{"rendered":"Naticol Collag\u00e8ne Marin Next Level"},"content":{"rendered":"<ul>\n<li>\n<p data-path-to-node=\"3,0,0\"><b>\u00a0<\/b>Un compl\u00e9ment de qualit\u00e9 sup\u00e9rieure formul\u00e9 \u00e0 base de peptides de collag\u00e8ne marin pour une absorption maximale. Il est con\u00e7u pour am\u00e9liorer l&rsquo;\u00e9lasticit\u00e9 de la peau, r\u00e9duire les rides et renforcer la sant\u00e9 des articulations, des cheveux et des ongles. Sa formule avanc\u00e9e aide \u00e0 ralentir les signes du vieillissement en r\u00e9g\u00e9n\u00e9rant les tissus conjonctifs.<\/p>\n<\/li>\n<li>\n<p data-path-to-node=\"3,1,0\"><b>\u00a0<\/b>\u0645\u0643\u0645\u0644 \u0639\u0627\u0644\u064a \u0627\u0644\u062c\u0648\u062f\u0629 \u0645\u0631\u0643\u0628 \u0645\u0646 \u0628\u0628\u062a\u064a\u062f\u0627\u062a \u0627\u0644\u0643\u0648\u0644\u0627\u062c\u064a\u0646 \u0627\u0644\u0628\u062d\u0631\u064a \u0644\u0636\u0645\u0627\u0646 \u0623\u0642\u0635\u0649 \u0642\u062f\u0631 \u0645\u0646 \u0627\u0644\u0627\u0645\u062a\u0635\u0627\u0635. \u0645\u0635\u0645\u0645 \u0644\u062a\u062d\u0633\u064a\u0646 \u0645\u0631\u0648\u0646\u0629 \u0627\u0644\u062c\u0644\u062f\u060c \u062a\u0642\u0644\u064a\u0644 \u0627\u0644\u062a\u062c\u0627\u0639\u064a\u062f\u060c \u0648\u062a\u0639\u0632\u064a\u0632 \u0635\u062d\u0629 \u0627\u0644\u0645\u0641\u0627\u0635\u0644 \u0648\u0627\u0644\u0634\u0639\u0631 \u0648\u0627\u0644\u0623\u0638\u0627\u0641\u0631. \u062a\u0633\u0627\u0639\u062f \u062a\u0631\u0643\u064a\u0628\u062a\u0647 \u0627\u0644\u0645\u062a\u0637\u0648\u0631\u0629 \u0639\u0644\u0649 \u0625\u0628\u0637\u0627\u0621 \u0639\u0644\u0627\u0645\u0627\u062a \u0627\u0644\u0634\u064a\u062e\u0648\u062e\u0629 \u0645\u0646 \u062e\u0644\u0627\u0644 \u062a\u062c\u062f\u064a\u062f \u0627\u0644\u0623\u0646\u0633\u062c\u0629 \u0627\u0644\u0636\u0627\u0645\u0629.<\/p>\n<\/li>\n<\/ul>","protected":false},"excerpt":{"rendered":"<p>\u00a0Un compl\u00e9ment de qualit\u00e9 sup\u00e9rieure formul\u00e9 \u00e0 base de peptides de collag\u00e8ne marin pour une absorption maximale. Il est con\u00e7u<\/p>","protected":false},"featured_media":2087,"comment_status":"open","ping_status":"closed","template":"","meta":[],"product_brand":[],"product_cat":[95,93],"product_tag":[],"class_list":{"0":"post-2036","1":"product","2":"type-product","3":"status-publish","4":"has-post-thumbnail","6":"product_cat-joints-skin","7":"product_cat-women-health","9":"first","10":"instock","11":"shipping-taxable","12":"purchasable","13":"product-type-simple"},"jetpack_sharing_enabled":true,"_links":{"self":[{"href":"https:\/\/dzbodyfit.shop\/ar\/wp-json\/wp\/v2\/product\/2036","targetHints":{"allow":["GET"]}}],"collection":[{"href":"https:\/\/dzbodyfit.shop\/ar\/wp-json\/wp\/v2\/product"}],"about":[{"href":"https:\/\/dzbodyfit.shop\/ar\/wp-json\/wp\/v2\/types\/product"}],"replies":[{"embeddable":true,"href":"https:\/\/dzbodyfit.shop\/ar\/wp-json\/wp\/v2\/comments?post=2036"}],"version-history":[{"count":2,"href":"https:\/\/dzbodyfit.shop\/ar\/wp-json\/wp\/v2\/product\/2036\/revisions"}],"predecessor-version":[{"id":2082,"href":"https:\/\/dzbodyfit.shop\/ar\/wp-json\/wp\/v2\/product\/2036\/revisions\/2082"}],"wp:featuredmedia":[{"embeddable":true,"href":"https:\/\/dzbodyfit.shop\/ar\/wp-json\/wp\/v2\/media\/2087"}],"wp:attachment":[{"href":"https:\/\/dzbodyfit.shop\/ar\/wp-json\/wp\/v2\/media?parent=2036"}],"wp:term":[{"taxonomy":"product_brand","embeddable":true,"href":"https:\/\/dzbodyfit.shop\/ar\/wp-json\/wp\/v2\/product_brand?post=2036"},{"taxonomy":"product_cat","embeddable":true,"href":"https:\/\/dzbodyfit.shop\/ar\/wp-json\/wp\/v2\/product_cat?post=2036"},{"taxonomy":"product_tag","embeddable":true,"href":"https:\/\/dzbodyfit.shop\/ar\/wp-json\/wp\/v2\/product_tag?post=2036"}],"curies":[{"name":"wp","href":"https:\/\/api.w.org\/{rel}","templated":true}]}}