{"id":2044,"date":"2026-03-31T20:07:00","date_gmt":"2026-03-31T20:07:00","guid":{"rendered":"https:\/\/dzbodyfit.shop\/?post_type=product&#038;p=2044"},"modified":"2026-04-01T21:57:19","modified_gmt":"2026-04-01T21:57:19","slug":"metabolic-mass-gainer-6kg","status":"publish","type":"product","link":"https:\/\/dzbodyfit.shop\/ar\/product\/metabolic-mass-gainer-6kg\/","title":{"rendered":"Metabolic Mass Gainer (6kg)"},"content":{"rendered":"<ul>\n<li>\n<p data-path-to-node=\"3,0,0\"><b>\u00a0<\/b>Un gainer de masse ultra-complet con\u00e7u pour les athl\u00e8tes ayant des difficult\u00e9s \u00e0 prendre du poids. Cette formule riche en calories fournit un m\u00e9lange pr\u00e9cis de glucides complexes et de prot\u00e9ines de haute qualit\u00e9 pour alimenter la croissance musculaire, reconstituer les r\u00e9serves de glycog\u00e8ne et acc\u00e9l\u00e9rer la r\u00e9cup\u00e9ration apr\u00e8s des s\u00e9ances d&rsquo;entra\u00eenement intenses.<\/p>\n<\/li>\n<li>\n<p data-path-to-node=\"3,1,0\"><b>\u00a0<\/b> \u0645\u0643\u0645\u0644 \u0636\u062e\u0627\u0645\u0629 \u0639\u0636\u0644\u064a\u0629 \u0645\u062a\u0643\u0627\u0645\u0644 \u0645\u0635\u0645\u0645 \u0644\u0644\u0631\u064a\u0627\u0636\u064a\u064a\u0646 \u0627\u0644\u0630\u064a\u0646 \u064a\u062c\u062f\u0648\u0646 \u0635\u0639\u0648\u0628\u0629 \u0641\u064a \u0632\u064a\u0627\u062f\u0629 \u0627\u0644\u0648\u0632\u0646. \u062a\u0648\u0641\u0631 \u0647\u0630\u0647 \u0627\u0644\u062a\u0631\u0643\u064a\u0628\u0629 \u0627\u0644\u063a\u0646\u064a\u0629 \u0628\u0627\u0644\u0633\u0639\u0631\u0627\u062a \u0627\u0644\u062d\u0631\u0627\u0631\u064a\u0629 \u0645\u0632\u064a\u062c\u0627\u064b \u062f\u0642\u064a\u0642\u0627\u064b \u0645\u0646 \u0627\u0644\u0643\u0631\u0628\u0648\u0647\u064a\u062f\u0631\u0627\u062a \u0627\u0644\u0645\u0639\u0642\u062f\u0629 \u0648\u0627\u0644\u0628\u0631\u0648\u062a\u064a\u0646\u0627\u062a \u0639\u0627\u0644\u064a\u0629 \u0627\u0644\u062c\u0648\u062f\u0629 \u0644\u062f\u0639\u0645 \u0627\u0644\u0646\u0645\u0648 \u0627\u0644\u0639\u0636\u0644\u064a\u060c \u062a\u0639\u0648\u064a\u0636 \u0645\u062e\u0627\u0632\u0646 \u0627\u0644\u062c\u0644\u064a\u0643\u0648\u062c\u064a\u0646\u060c \u0648\u062a\u0633\u0631\u064a\u0639 \u0627\u0644\u0627\u0633\u062a\u0634\u0641\u0627\u0621 \u0628\u0639\u062f \u0627\u0644\u062a\u0645\u0627\u0631\u064a\u0646 \u0627\u0644\u0634\u0627\u0642\u0629.<\/p>\n<\/li>\n<\/ul>","protected":false},"excerpt":{"rendered":"<p>\u00a0Un gainer de masse ultra-complet con\u00e7u pour les athl\u00e8tes ayant des difficult\u00e9s \u00e0 prendre du poids. Cette formule riche en<\/p>","protected":false},"featured_media":2088,"comment_status":"open","ping_status":"closed","template":"","meta":[],"product_brand":[],"product_cat":[30],"product_tag":[],"class_list":{"0":"post-2044","1":"product","2":"type-product","3":"status-publish","4":"has-post-thumbnail","6":"product_cat-weight-gain","8":"first","9":"instock","10":"shipping-taxable","11":"purchasable","12":"product-type-simple"},"jetpack_sharing_enabled":true,"_links":{"self":[{"href":"https:\/\/dzbodyfit.shop\/ar\/wp-json\/wp\/v2\/product\/2044","targetHints":{"allow":["GET"]}}],"collection":[{"href":"https:\/\/dzbodyfit.shop\/ar\/wp-json\/wp\/v2\/product"}],"about":[{"href":"https:\/\/dzbodyfit.shop\/ar\/wp-json\/wp\/v2\/types\/product"}],"replies":[{"embeddable":true,"href":"https:\/\/dzbodyfit.shop\/ar\/wp-json\/wp\/v2\/comments?post=2044"}],"version-history":[{"count":1,"href":"https:\/\/dzbodyfit.shop\/ar\/wp-json\/wp\/v2\/product\/2044\/revisions"}],"predecessor-version":[{"id":2046,"href":"https:\/\/dzbodyfit.shop\/ar\/wp-json\/wp\/v2\/product\/2044\/revisions\/2046"}],"wp:featuredmedia":[{"embeddable":true,"href":"https:\/\/dzbodyfit.shop\/ar\/wp-json\/wp\/v2\/media\/2088"}],"wp:attachment":[{"href":"https:\/\/dzbodyfit.shop\/ar\/wp-json\/wp\/v2\/media?parent=2044"}],"wp:term":[{"taxonomy":"product_brand","embeddable":true,"href":"https:\/\/dzbodyfit.shop\/ar\/wp-json\/wp\/v2\/product_brand?post=2044"},{"taxonomy":"product_cat","embeddable":true,"href":"https:\/\/dzbodyfit.shop\/ar\/wp-json\/wp\/v2\/product_cat?post=2044"},{"taxonomy":"product_tag","embeddable":true,"href":"https:\/\/dzbodyfit.shop\/ar\/wp-json\/wp\/v2\/product_tag?post=2044"}],"curies":[{"name":"wp","href":"https:\/\/api.w.org\/{rel}","templated":true}]}}