{"id":2048,"date":"2026-03-31T20:27:42","date_gmt":"2026-03-31T20:27:42","guid":{"rendered":"https:\/\/dzbodyfit.shop\/?post_type=product&#038;p=2048"},"modified":"2026-03-31T22:29:30","modified_gmt":"2026-03-31T22:29:30","slug":"evolite-xtreme-mass-gainer-vanille-6-kg","status":"publish","type":"product","link":"https:\/\/dzbodyfit.shop\/ar\/product\/evolite-xtreme-mass-gainer-vanille-6-kg\/","title":{"rendered":"Evolite Xtreme Mass Gainer Vanille 6 kg"},"content":{"rendered":"<ul>\n<li>\n<p data-path-to-node=\"3,0,0\"><b>\u00a0<\/b>Un gainer de masse puissant con\u00e7u pour un apport calorique maximal et une croissance musculaire rapide. Il combine des glucides de diff\u00e9rentes vitesses d&rsquo;assimilation et des prot\u00e9ines de haute qualit\u00e9 pour fournir une \u00e9nergie durable. Sa saveur vanille onctueuse en fait un compl\u00e9ment id\u00e9al pour ceux qui cherchent \u00e0 augmenter leur volume physique et leur force globale.<\/p>\n<\/li>\n<li>\n<p data-path-to-node=\"3,1,0\"><b>\u00a0<\/b> \u0645\u0643\u0645\u0644 \u0636\u062e\u0627\u0645\u0629 \u0642\u0648\u064a \u0645\u0635\u0645\u0645 \u0644\u062a\u0648\u0641\u064a\u0631 \u0623\u0642\u0635\u0649 \u0642\u062f\u0631 \u0645\u0646 \u0627\u0644\u0633\u0639\u0631\u0627\u062a \u0627\u0644\u062d\u0631\u0627\u0631\u064a\u0629 \u0648\u0627\u0644\u0646\u0645\u0648 \u0627\u0644\u0639\u0636\u0644\u064a \u0627\u0644\u0633\u0631\u064a\u0639. \u064a\u062c\u0645\u0639 \u0628\u064a\u0646 \u0627\u0644\u0643\u0631\u0628\u0648\u0647\u064a\u062f\u0631\u0627\u062a \u0645\u062e\u062a\u0644\u0641\u0629 \u0633\u0631\u0639\u0627\u062a \u0627\u0644\u0627\u0645\u062a\u0635\u0627\u0635 \u0648\u0627\u0644\u0628\u0631\u0648\u062a\u064a\u0646\u0627\u062a \u0639\u0627\u0644\u064a\u0629 \u0627\u0644\u062c\u0648\u062f\u0629 \u0644\u062a\u0648\u0641\u064a\u0631 \u0637\u0627\u0642\u0629 \u0645\u0633\u062a\u062f\u0627\u0645\u0629. \u0646\u0643\u0647\u0629 \u0627\u0644\u0641\u0627\u0646\u064a\u0644\u064a\u0627 \u0627\u0644\u0646\u0627\u0639\u0645\u0629 \u062a\u062c\u0639\u0644\u0647 \u0645\u0643\u0645\u0644\u0627\u064b \u0645\u062b\u0627\u0644\u064a\u0627\u064b \u0644\u0623\u0648\u0644\u0626\u0643 \u0627\u0644\u0630\u064a\u0646 \u064a\u0633\u0639\u0648\u0646 \u0644\u0632\u064a\u0627\u062f\u0629 \u062d\u062c\u0645 \u0627\u0644\u062c\u0633\u0645 \u0648\u0627\u0644\u0642\u0648\u0629 \u0627\u0644\u0628\u062f\u0646\u064a\u0629 \u0627\u0644\u0639\u0627\u0645\u0629.<\/p>\n<\/li>\n<\/ul>","protected":false},"excerpt":{"rendered":"<p>\u00a0Un gainer de masse puissant con\u00e7u pour un apport calorique maximal et une croissance musculaire rapide. Il combine des glucides<\/p>","protected":false},"featured_media":2049,"comment_status":"open","ping_status":"closed","template":"","meta":[],"product_brand":[],"product_cat":[30],"product_tag":[],"class_list":{"0":"post-2048","1":"product","2":"type-product","3":"status-publish","4":"has-post-thumbnail","6":"product_cat-weight-gain","8":"first","9":"instock","10":"shipping-taxable","11":"purchasable","12":"product-type-simple"},"jetpack_sharing_enabled":true,"_links":{"self":[{"href":"https:\/\/dzbodyfit.shop\/ar\/wp-json\/wp\/v2\/product\/2048","targetHints":{"allow":["GET"]}}],"collection":[{"href":"https:\/\/dzbodyfit.shop\/ar\/wp-json\/wp\/v2\/product"}],"about":[{"href":"https:\/\/dzbodyfit.shop\/ar\/wp-json\/wp\/v2\/types\/product"}],"replies":[{"embeddable":true,"href":"https:\/\/dzbodyfit.shop\/ar\/wp-json\/wp\/v2\/comments?post=2048"}],"version-history":[{"count":1,"href":"https:\/\/dzbodyfit.shop\/ar\/wp-json\/wp\/v2\/product\/2048\/revisions"}],"predecessor-version":[{"id":2050,"href":"https:\/\/dzbodyfit.shop\/ar\/wp-json\/wp\/v2\/product\/2048\/revisions\/2050"}],"wp:featuredmedia":[{"embeddable":true,"href":"https:\/\/dzbodyfit.shop\/ar\/wp-json\/wp\/v2\/media\/2049"}],"wp:attachment":[{"href":"https:\/\/dzbodyfit.shop\/ar\/wp-json\/wp\/v2\/media?parent=2048"}],"wp:term":[{"taxonomy":"product_brand","embeddable":true,"href":"https:\/\/dzbodyfit.shop\/ar\/wp-json\/wp\/v2\/product_brand?post=2048"},{"taxonomy":"product_cat","embeddable":true,"href":"https:\/\/dzbodyfit.shop\/ar\/wp-json\/wp\/v2\/product_cat?post=2048"},{"taxonomy":"product_tag","embeddable":true,"href":"https:\/\/dzbodyfit.shop\/ar\/wp-json\/wp\/v2\/product_tag?post=2048"}],"curies":[{"name":"wp","href":"https:\/\/api.w.org\/{rel}","templated":true}]}}