{"id":2052,"date":"2026-03-31T20:32:19","date_gmt":"2026-03-31T20:32:19","guid":{"rendered":"https:\/\/dzbodyfit.shop\/?post_type=product&#038;p=2052"},"modified":"2026-03-31T22:25:45","modified_gmt":"2026-03-31T22:25:45","slug":"trec-solid-mass-5kg","status":"publish","type":"product","link":"https:\/\/dzbodyfit.shop\/ar\/product\/trec-solid-mass-5kg\/","title":{"rendered":"trec solid mass 5kg"},"content":{"rendered":"<ul>\n<li>\n<p data-path-to-node=\"3,0,0\"><b>\u00a0<\/b> Un gainer de masse de haute qualit\u00e9 \u00e0 base de glucides complexes et de concentr\u00e9 de prot\u00e9ines de lactos\u00e9rum (Whey). Il est sp\u00e9cialement formul\u00e9 pour les athl\u00e8tes qui s&rsquo;entra\u00eenent intens\u00e9ment et qui cherchent \u00e0 augmenter leur poids corporel et leur masse musculaire. Enrichi en vitamines, il soutient le m\u00e9tabolisme \u00e9nerg\u00e9tique et facilite une r\u00e9cup\u00e9ration rapide apr\u00e8s l&rsquo;effort.<\/p>\n<\/li>\n<li>\n<p data-path-to-node=\"3,1,0\"><b>\u00a0<\/b> \u0645\u0643\u0645\u0644 \u0636\u062e\u0627\u0645\u0629 \u0639\u0627\u0644\u064a \u0627\u0644\u062c\u0648\u062f\u0629 \u064a\u0639\u062a\u0645\u062f \u0639\u0644\u0649 \u0627\u0644\u0643\u0631\u0628\u0648\u0647\u064a\u062f\u0631\u0627\u062a \u0627\u0644\u0645\u0639\u0642\u062f\u0629 \u0648\u0645\u0631\u0643\u0632 \u0628\u0631\u0648\u062a\u064a\u0646 \u0645\u0635\u0644 \u0627\u0644\u0644\u0628\u0646 (Whey). \u062a\u0645 \u062a\u0631\u0643\u064a\u0628\u0647 \u062e\u0635\u064a\u0635\u0627\u064b \u0644\u0644\u0631\u064a\u0627\u0636\u064a\u064a\u0646 \u0627\u0644\u0630\u064a\u0646 \u064a\u062a\u062f\u0631\u0628\u0648\u0646 \u0628\u0643\u062b\u0627\u0641\u0629 \u0648\u064a\u0633\u0639\u0648\u0646 \u0644\u0632\u064a\u0627\u062f\u0629 \u0648\u0632\u0646 \u0627\u0644\u062c\u0633\u0645 \u0648\u0627\u0644\u0643\u062a\u0644\u0629 \u0627\u0644\u0639\u0636\u0644\u064a\u0629. \u0645\u062f\u0639\u0645 \u0628\u0627\u0644\u0641\u064a\u062a\u0627\u0645\u064a\u0646\u0627\u062a \u0644\u062f\u0639\u0645 \u0639\u0645\u0644\u064a\u0629 \u0627\u0644\u062a\u0645\u062b\u064a\u0644 \u0627\u0644\u063a\u0630\u0627\u0626\u064a \u0644\u0644\u0637\u0627\u0642\u0629 \u0648\u062a\u0633\u0647\u064a\u0644 \u0627\u0644\u0627\u0633\u062a\u0634\u0641\u0627\u0621 \u0627\u0644\u0633\u0631\u064a\u0639 \u0628\u0639\u062f \u0627\u0644\u0645\u062c\u0647\u0648\u062f \u0627\u0644\u0628\u062f\u0646\u064a.<\/p>\n<\/li>\n<\/ul>","protected":false},"excerpt":{"rendered":"<p>\u00a0 Un gainer de masse de haute qualit\u00e9 \u00e0 base de glucides complexes et de concentr\u00e9 de prot\u00e9ines de lactos\u00e9rum<\/p>","protected":false},"featured_media":2053,"comment_status":"open","ping_status":"closed","template":"","meta":[],"product_brand":[],"product_cat":[30],"product_tag":[],"class_list":{"0":"post-2052","1":"product","2":"type-product","3":"status-publish","4":"has-post-thumbnail","6":"product_cat-weight-gain","8":"first","9":"instock","10":"shipping-taxable","11":"purchasable","12":"product-type-simple"},"jetpack_sharing_enabled":true,"_links":{"self":[{"href":"https:\/\/dzbodyfit.shop\/ar\/wp-json\/wp\/v2\/product\/2052","targetHints":{"allow":["GET"]}}],"collection":[{"href":"https:\/\/dzbodyfit.shop\/ar\/wp-json\/wp\/v2\/product"}],"about":[{"href":"https:\/\/dzbodyfit.shop\/ar\/wp-json\/wp\/v2\/types\/product"}],"replies":[{"embeddable":true,"href":"https:\/\/dzbodyfit.shop\/ar\/wp-json\/wp\/v2\/comments?post=2052"}],"version-history":[{"count":1,"href":"https:\/\/dzbodyfit.shop\/ar\/wp-json\/wp\/v2\/product\/2052\/revisions"}],"predecessor-version":[{"id":2054,"href":"https:\/\/dzbodyfit.shop\/ar\/wp-json\/wp\/v2\/product\/2052\/revisions\/2054"}],"wp:featuredmedia":[{"embeddable":true,"href":"https:\/\/dzbodyfit.shop\/ar\/wp-json\/wp\/v2\/media\/2053"}],"wp:attachment":[{"href":"https:\/\/dzbodyfit.shop\/ar\/wp-json\/wp\/v2\/media?parent=2052"}],"wp:term":[{"taxonomy":"product_brand","embeddable":true,"href":"https:\/\/dzbodyfit.shop\/ar\/wp-json\/wp\/v2\/product_brand?post=2052"},{"taxonomy":"product_cat","embeddable":true,"href":"https:\/\/dzbodyfit.shop\/ar\/wp-json\/wp\/v2\/product_cat?post=2052"},{"taxonomy":"product_tag","embeddable":true,"href":"https:\/\/dzbodyfit.shop\/ar\/wp-json\/wp\/v2\/product_tag?post=2052"}],"curies":[{"name":"wp","href":"https:\/\/api.w.org\/{rel}","templated":true}]}}