{"id":2056,"date":"2026-03-31T21:22:31","date_gmt":"2026-03-31T21:22:31","guid":{"rendered":"https:\/\/dzbodyfit.shop\/?post_type=product&#038;p=2056"},"modified":"2026-03-31T21:23:47","modified_gmt":"2026-03-31T21:23:47","slug":"biotechusa-100-creatine-monohydrate","status":"publish","type":"product","link":"https:\/\/dzbodyfit.shop\/ar\/product\/biotechusa-100-creatine-monohydrate\/","title":{"rendered":"BioTechUSA 100% Creatine Monohydrate"},"content":{"rendered":"<div class=\"container\">\n<div id=\"model-response-message-contentr_6e8250767645c225\" class=\"markdown markdown-main-panel stronger enable-updated-hr-color\" dir=\"ltr\" aria-live=\"polite\" aria-busy=\"false\">\n<ul data-path-to-node=\"3\">\n<li>\n<p data-path-to-node=\"3,0,0\"><b>\u00a0<\/b> Un suppl\u00e9ment de cr\u00e9atine pure de qualit\u00e9 pharmaceutique, sans saveur et hautement micronis\u00e9 pour une solubilit\u00e9 parfaite. Elle augmente les performances physiques lors de s\u00e9ries d&rsquo;exercices courts et intensifs, favorisant ainsi un gain de force explosive et un volume musculaire accru d\u00e8s les premi\u00e8res semaines d&rsquo;utilisation.<\/p>\n<\/li>\n<li>\n<p data-path-to-node=\"3,1,0\">\u00a0\u0645\u0643\u0645\u0644 \u0643\u0631\u064a\u0627\u062a\u064a\u0646 \u0646\u0642\u064a \u0628\u062c\u0648\u062f\u0629 \u0635\u064a\u062f\u0644\u0627\u0646\u064a\u0629\u060c \u0628\u062f\u0648\u0646 \u0646\u0643\u0647\u0629 \u0648\u0645\u062c\u0632\u0623 \u0628\u062f\u0642\u0629 \u0639\u0627\u0644\u064a\u0629 \u0644\u0636\u0645\u0627\u0646 \u0630\u0648\u0628\u0627\u0646 \u0645\u062b\u0627\u0644\u064a. \u064a\u0639\u0645\u0644 \u0639\u0644\u0649 \u0632\u064a\u0627\u062f\u0629 \u0627\u0644\u0623\u062f\u0627\u0621 \u0627\u0644\u0628\u062f\u0646\u064a \u062e\u0644\u0627\u0644 \u0627\u0644\u062a\u0645\u0627\u0631\u064a\u0646 \u0627\u0644\u0642\u0635\u064a\u0631\u0629 \u0648\u0627\u0644\u0645\u0643\u062b\u0641\u0629\u060c \u0645\u0645\u0627 \u064a\u0639\u0632\u0632 \u0627\u0644\u0642\u0648\u0629 \u0627\u0644\u0627\u0646\u0641\u062c\u0627\u0631\u064a\u0629 \u0648\u0632\u064a\u0627\u062f\u0629 \u062d\u062c\u0645 \u0627\u0644\u0639\u0636\u0644\u0627\u062a \u0628\u0634\u0643\u0644 \u0645\u0644\u062d\u0648\u0638 \u0645\u0646\u0630 \u0627\u0644\u0623\u0633\u0627\u0628\u064a\u0639 \u0627\u0644\u0623\u0648\u0644\u0649 \u0644\u0644\u0627\u0633\u062a\u062e\u062f\u0627\u0645.<\/p>\n<\/li>\n<\/ul>\n<\/div>\n<\/div>","protected":false},"excerpt":{"rendered":"<p>\u00a0 Un suppl\u00e9ment de cr\u00e9atine pure de qualit\u00e9 pharmaceutique, sans saveur et hautement micronis\u00e9 pour une solubilit\u00e9 parfaite. Elle augmente<\/p>","protected":false},"featured_media":2059,"comment_status":"open","ping_status":"closed","template":"","meta":[],"product_brand":[76],"product_cat":[98,91,30],"product_tag":[],"class_list":{"0":"post-2056","1":"product","2":"type-product","3":"status-publish","4":"has-post-thumbnail","6":"product_brand-biotechusa","7":"product_cat-98","8":"product_cat-energie-endurance","9":"product_cat-weight-gain","11":"first","12":"instock","13":"shipping-taxable","14":"product-type-simple"},"jetpack_sharing_enabled":true,"_links":{"self":[{"href":"https:\/\/dzbodyfit.shop\/ar\/wp-json\/wp\/v2\/product\/2056","targetHints":{"allow":["GET"]}}],"collection":[{"href":"https:\/\/dzbodyfit.shop\/ar\/wp-json\/wp\/v2\/product"}],"about":[{"href":"https:\/\/dzbodyfit.shop\/ar\/wp-json\/wp\/v2\/types\/product"}],"replies":[{"embeddable":true,"href":"https:\/\/dzbodyfit.shop\/ar\/wp-json\/wp\/v2\/comments?post=2056"}],"version-history":[{"count":1,"href":"https:\/\/dzbodyfit.shop\/ar\/wp-json\/wp\/v2\/product\/2056\/revisions"}],"predecessor-version":[{"id":2057,"href":"https:\/\/dzbodyfit.shop\/ar\/wp-json\/wp\/v2\/product\/2056\/revisions\/2057"}],"wp:featuredmedia":[{"embeddable":true,"href":"https:\/\/dzbodyfit.shop\/ar\/wp-json\/wp\/v2\/media\/2059"}],"wp:attachment":[{"href":"https:\/\/dzbodyfit.shop\/ar\/wp-json\/wp\/v2\/media?parent=2056"}],"wp:term":[{"taxonomy":"product_brand","embeddable":true,"href":"https:\/\/dzbodyfit.shop\/ar\/wp-json\/wp\/v2\/product_brand?post=2056"},{"taxonomy":"product_cat","embeddable":true,"href":"https:\/\/dzbodyfit.shop\/ar\/wp-json\/wp\/v2\/product_cat?post=2056"},{"taxonomy":"product_tag","embeddable":true,"href":"https:\/\/dzbodyfit.shop\/ar\/wp-json\/wp\/v2\/product_tag?post=2056"}],"curies":[{"name":"wp","href":"https:\/\/api.w.org\/{rel}","templated":true}]}}