{"id":2058,"date":"2026-03-31T21:27:00","date_gmt":"2026-03-31T21:27:00","guid":{"rendered":"https:\/\/dzbodyfit.shop\/?post_type=product&#038;p=2058"},"modified":"2026-03-31T21:27:22","modified_gmt":"2026-03-31T21:27:22","slug":"reborn-creatine-creapure","status":"publish","type":"product","link":"https:\/\/dzbodyfit.shop\/ar\/product\/reborn-creatine-creapure\/","title":{"rendered":"Reborn Creatine Creapure"},"content":{"rendered":"<ul>\n<li>\n<p data-path-to-node=\"3,0,0\"><b>\u00a0<\/b> Un compl\u00e9ment de cr\u00e9atine monohydrate utilisant le label <b data-path-to-node=\"3,0,0\" data-index-in-node=\"68\">Creapure\u00ae<\/b>, la forme la plus pure et la plus \u00e9tudi\u00e9e au monde, fabriqu\u00e9e en Allemagne. Cette cr\u00e9atine ultra-pure garantit l&rsquo;absence d&rsquo;impuret\u00e9s, offrant une efficacit\u00e9 maximale pour augmenter la force explosive, am\u00e9liorer la r\u00e9cup\u00e9ration et favoriser le gain de volume musculaire sans r\u00e9tention d&rsquo;eau excessive.<\/p>\n<\/li>\n<li>\n<p data-path-to-node=\"3,1,0\"><b>\u00a0<\/b> \u0645\u0643\u0645\u0644 \u0643\u0631\u064a\u0627\u062a\u064a\u0646 \u0645\u0648\u0646\u0648\u0647\u064a\u062f\u0631\u0627\u062a \u064a\u0633\u062a\u062e\u062f\u0645 \u0639\u0644\u0627\u0645\u0629 <b data-path-to-node=\"3,1,0\" data-index-in-node=\"47\">Creapure\u00ae<\/b>\u060c \u0648\u0647\u064a \u0623\u0646\u0642\u0649 \u0648\u0623\u0643\u062b\u0631 \u0623\u0634\u0643\u0627\u0644 \u0627\u0644\u0643\u0631\u064a\u0627\u062a\u064a\u0646 \u062f\u0631\u0627\u0633\u0629 \u0641\u064a \u0627\u0644\u0639\u0627\u0644\u0645\u060c \u0645\u0635\u0646\u0639\u0629 \u0641\u064a \u0623\u0644\u0645\u0627\u0646\u064a\u0627. \u064a\u0636\u0645\u0646 \u0647\u0630\u0627 \u0627\u0644\u0643\u0631\u064a\u0627\u062a\u064a\u0646 \u0627\u0644\u0641\u0627\u0626\u0642 \u0627\u0644\u0646\u0642\u0627\u0621 \u062e\u0644\u0648\u0647 \u0645\u0646 \u0627\u0644\u0634\u0648\u0627\u0626\u0628\u060c \u0645\u0645\u0627 \u064a\u0648\u0641\u0631 \u0623\u0642\u0635\u0649 \u0642\u062f\u0631 \u0645\u0646 \u0627\u0644\u0641\u0639\u0627\u0644\u064a\u0629 \u0644\u0632\u064a\u0627\u062f\u0629 \u0627\u0644\u0642\u0648\u0629 \u0627\u0644\u0627\u0646\u0641\u062c\u0627\u0631\u064a\u0629\u060c \u062a\u062d\u0633\u064a\u0646 \u0627\u0644\u0627\u0633\u062a\u0634\u0641\u0627\u0621\u060c \u0648\u062a\u0639\u0632\u064a\u0632 \u0632\u064a\u0627\u062f\u0629 \u062d\u062c\u0645 \u0627\u0644\u0639\u0636\u0644\u0627\u062a \u062f\u0648\u0646 \u0627\u062d\u062a\u0628\u0627\u0633 \u0645\u0641\u0631\u0637 \u0644\u0644\u0633\u0648\u0627\u0626\u0644.<\/p>\n<\/li>\n<\/ul>","protected":false},"excerpt":{"rendered":"<p>\u00a0 Un compl\u00e9ment de cr\u00e9atine monohydrate utilisant le label Creapure\u00ae, la forme la plus pure et la plus \u00e9tudi\u00e9e au<\/p>","protected":false},"featured_media":2061,"comment_status":"open","ping_status":"closed","template":"","meta":[],"product_brand":[88],"product_cat":[98,91,30],"product_tag":[],"class_list":{"0":"post-2058","1":"product","2":"type-product","3":"status-publish","4":"has-post-thumbnail","6":"product_brand-reborn","7":"product_cat-98","8":"product_cat-energie-endurance","9":"product_cat-weight-gain","11":"first","12":"instock","13":"shipping-taxable","14":"product-type-simple"},"jetpack_sharing_enabled":true,"_links":{"self":[{"href":"https:\/\/dzbodyfit.shop\/ar\/wp-json\/wp\/v2\/product\/2058","targetHints":{"allow":["GET"]}}],"collection":[{"href":"https:\/\/dzbodyfit.shop\/ar\/wp-json\/wp\/v2\/product"}],"about":[{"href":"https:\/\/dzbodyfit.shop\/ar\/wp-json\/wp\/v2\/types\/product"}],"replies":[{"embeddable":true,"href":"https:\/\/dzbodyfit.shop\/ar\/wp-json\/wp\/v2\/comments?post=2058"}],"version-history":[{"count":1,"href":"https:\/\/dzbodyfit.shop\/ar\/wp-json\/wp\/v2\/product\/2058\/revisions"}],"predecessor-version":[{"id":2062,"href":"https:\/\/dzbodyfit.shop\/ar\/wp-json\/wp\/v2\/product\/2058\/revisions\/2062"}],"wp:featuredmedia":[{"embeddable":true,"href":"https:\/\/dzbodyfit.shop\/ar\/wp-json\/wp\/v2\/media\/2061"}],"wp:attachment":[{"href":"https:\/\/dzbodyfit.shop\/ar\/wp-json\/wp\/v2\/media?parent=2058"}],"wp:term":[{"taxonomy":"product_brand","embeddable":true,"href":"https:\/\/dzbodyfit.shop\/ar\/wp-json\/wp\/v2\/product_brand?post=2058"},{"taxonomy":"product_cat","embeddable":true,"href":"https:\/\/dzbodyfit.shop\/ar\/wp-json\/wp\/v2\/product_cat?post=2058"},{"taxonomy":"product_tag","embeddable":true,"href":"https:\/\/dzbodyfit.shop\/ar\/wp-json\/wp\/v2\/product_tag?post=2058"}],"curies":[{"name":"wp","href":"https:\/\/api.w.org\/{rel}","templated":true}]}}