{"id":2063,"date":"2026-03-31T21:33:43","date_gmt":"2026-03-31T21:33:43","guid":{"rendered":"https:\/\/dzbodyfit.shop\/?post_type=product&#038;p=2063"},"modified":"2026-03-31T21:33:43","modified_gmt":"2026-03-31T21:33:43","slug":"optimum-nutrition-micronized-creatine-monohydrate-317g","status":"publish","type":"product","link":"https:\/\/dzbodyfit.shop\/ar\/product\/optimum-nutrition-micronized-creatine-monohydrate-317g\/","title":{"rendered":"Optimum Nutrition Micronized Creatine Monohydrate 317g"},"content":{"rendered":"<ul>\n<li>\n<p data-path-to-node=\"3,0,0\"><b>\u00a0<\/b> Un grand classique de la nutrition sportive, cette cr\u00e9atine est micronis\u00e9e pour une dissolution facile et une absorption rapide par l&rsquo;organisme. Elle aide \u00e0 augmenter la force, la puissance et la taille musculaire lors d&rsquo;entra\u00eenements de haute intensit\u00e9. Sans saveur, elle peut \u00eatre facilement m\u00e9lang\u00e9e \u00e0 votre shake de prot\u00e9ine ou \u00e0 votre boisson pr\u00e9f\u00e9r\u00e9e.<\/p>\n<\/li>\n<li>\n<p data-path-to-node=\"3,1,0\"> \u0645\u0646\u062a\u062c \u0643\u0644\u0627\u0633\u064a\u0643\u064a \u0631\u0627\u0626\u062f \u0641\u064a \u0627\u0644\u062a\u063a\u0630\u064a\u0629 \u0627\u0644\u0631\u064a\u0627\u0636\u064a\u0629\u060c \u064a\u062a\u0645\u064a\u0632 \u0628\u0643\u0648\u0646\u0647 \u0643\u0631\u064a\u0627\u062a\u064a\u0646 \u00ab\u00a0\u0645\u064a\u0643\u0631\u0648\u0646\u064a\u0632\u062f\u00a0\u00bb (\u0645\u062c\u0632\u0623 \u0628\u062f\u0642\u0629) \u0644\u0636\u0645\u0627\u0646 \u0633\u0647\u0648\u0644\u0629 \u0627\u0644\u0630\u0648\u0628\u0627\u0646 \u0648\u0633\u0631\u0639\u0629 \u0627\u0645\u062a\u0635\u0627\u0635 \u0627\u0644\u062c\u0633\u0645 \u0644\u0647. \u064a\u0633\u0627\u0639\u062f \u0641\u064a \u0632\u064a\u0627\u062f\u0629 \u0627\u0644\u0642\u0648\u0629\u060c \u0627\u0644\u0637\u0627\u0642\u0629\u060c \u0648\u062d\u062c\u0645 \u0627\u0644\u0639\u0636\u0644\u0627\u062a \u0623\u062b\u0646\u0627\u0621 \u0627\u0644\u062a\u0645\u0627\u0631\u064a\u0646 \u0639\u0627\u0644\u064a\u0629 \u0627\u0644\u0643\u062b\u0627\u0641\u0629. \u0628\u062f\u0648\u0646 \u0646\u0643\u0647\u0629\u060c \u0645\u0645\u0627 \u064a\u062c\u0639\u0644\u0647 \u0633\u0647\u0644 \u0627\u0644\u062e\u0644\u0637 \u0645\u0639 \u0645\u062e\u0641\u0648\u0642 \u0627\u0644\u0628\u0631\u0648\u062a\u064a\u0646 \u0623\u0648 \u0645\u0634\u0631\u0648\u0628\u0643 \u0627\u0644\u0645\u0641\u0636\u0644.<\/p>\n<\/li>\n<\/ul>","protected":false},"excerpt":{"rendered":"<p>\u00a0 Un grand classique de la nutrition sportive, cette cr\u00e9atine est micronis\u00e9e pour une dissolution facile et une absorption rapide<\/p>","protected":false},"featured_media":2064,"comment_status":"open","ping_status":"closed","template":"","meta":[],"product_brand":[74],"product_cat":[98,91,30],"product_tag":[],"class_list":{"0":"post-2063","1":"product","2":"type-product","3":"status-publish","4":"has-post-thumbnail","6":"product_brand-optimum-nutrition","7":"product_cat-98","8":"product_cat-energie-endurance","9":"product_cat-weight-gain","11":"first","12":"instock","13":"shipping-taxable","14":"product-type-simple"},"jetpack_sharing_enabled":true,"_links":{"self":[{"href":"https:\/\/dzbodyfit.shop\/ar\/wp-json\/wp\/v2\/product\/2063","targetHints":{"allow":["GET"]}}],"collection":[{"href":"https:\/\/dzbodyfit.shop\/ar\/wp-json\/wp\/v2\/product"}],"about":[{"href":"https:\/\/dzbodyfit.shop\/ar\/wp-json\/wp\/v2\/types\/product"}],"replies":[{"embeddable":true,"href":"https:\/\/dzbodyfit.shop\/ar\/wp-json\/wp\/v2\/comments?post=2063"}],"version-history":[{"count":1,"href":"https:\/\/dzbodyfit.shop\/ar\/wp-json\/wp\/v2\/product\/2063\/revisions"}],"predecessor-version":[{"id":2065,"href":"https:\/\/dzbodyfit.shop\/ar\/wp-json\/wp\/v2\/product\/2063\/revisions\/2065"}],"wp:featuredmedia":[{"embeddable":true,"href":"https:\/\/dzbodyfit.shop\/ar\/wp-json\/wp\/v2\/media\/2064"}],"wp:attachment":[{"href":"https:\/\/dzbodyfit.shop\/ar\/wp-json\/wp\/v2\/media?parent=2063"}],"wp:term":[{"taxonomy":"product_brand","embeddable":true,"href":"https:\/\/dzbodyfit.shop\/ar\/wp-json\/wp\/v2\/product_brand?post=2063"},{"taxonomy":"product_cat","embeddable":true,"href":"https:\/\/dzbodyfit.shop\/ar\/wp-json\/wp\/v2\/product_cat?post=2063"},{"taxonomy":"product_tag","embeddable":true,"href":"https:\/\/dzbodyfit.shop\/ar\/wp-json\/wp\/v2\/product_tag?post=2063"}],"curies":[{"name":"wp","href":"https:\/\/api.w.org\/{rel}","templated":true}]}}