{"id":2066,"date":"2026-03-31T21:42:08","date_gmt":"2026-03-31T21:42:08","guid":{"rendered":"https:\/\/dzbodyfit.shop\/?post_type=product&#038;p=2066"},"modified":"2026-03-31T21:42:08","modified_gmt":"2026-03-31T21:42:08","slug":"black-blood-caf-10-g-de-biotechusa","status":"publish","type":"product","link":"https:\/\/dzbodyfit.shop\/ar\/product\/black-blood-caf-10-g-de-biotechusa\/","title":{"rendered":"Black Blood CAF+  10 g de BioTechUSA"},"content":{"rendered":"<ul>\n<li>\n<p data-path-to-node=\"3,0,0\"><b data-path-to-node=\"3,0,0\" data-index-in-node=\"0\">\u00a0 <\/b>Un booster de pr\u00e9-entra\u00eenement (Pre-workout) radical et ultra-concentr\u00e9, formul\u00e9 pour une intensit\u00e9 maximale. Avec une teneur \u00e9lev\u00e9e en caf\u00e9ine et un m\u00e9lange d&rsquo;ingr\u00e9dients actifs comme la citrulline et la b\u00eata-alanine, il procure une \u00e9nergie explosive, une concentration mentale accrue et une congestion musculaire puissante. Son format de 10 g est id\u00e9al pour une dose pr\u00e9cise avant une s\u00e9ance de sport extr\u00eame.<\/p>\n<\/li>\n<li>\n<p data-path-to-node=\"3,1,0\">\u00a0\u0645\u0643\u0645\u0644 \u00ab\u00a0\u0628\u0631\u064a \u0648\u0631\u0643 \u0623\u0648\u062a\u00a0\u00bb (\u0642\u0628\u0644 \u0627\u0644\u062a\u0645\u0631\u064a\u0646) \u0641\u0627\u0626\u0642 \u0627\u0644\u062a\u0631\u0643\u064a\u0632 \u0645\u0635\u0645\u0645 \u0644\u0645\u0646\u062d \u0623\u0642\u0635\u0649 \u062f\u0631\u062c\u0627\u062a \u0627\u0644\u0643\u062b\u0627\u0641\u0629 \u0627\u0644\u062a\u062f\u0631\u064a\u0628\u064a\u0629. \u0628\u0641\u0636\u0644 \u0645\u062d\u062a\u0648\u0627\u0647 \u0627\u0644\u0639\u0627\u0644\u064a \u0645\u0646 \u0627\u0644\u0643\u0627\u0641\u064a\u064a\u0646 \u0648\u0645\u0632\u064a\u062c \u0645\u0646 \u0627\u0644\u0645\u0643\u0648\u0646\u0627\u062a \u0627\u0644\u0646\u0634\u0637\u0629 \u0645\u062b\u0644 \u0627\u0644\u0633\u064a\u062a\u0631\u0648\u0644\u064a\u0646 \u0648\u0627\u0644\u0628\u064a\u062a\u0627 \u0623\u0644\u0627\u0646\u064a\u0646\u060c \u064a\u0648\u0641\u0631 \u0637\u0627\u0642\u0629 \u0627\u0646\u0641\u062c\u0627\u0631\u064a\u0629\u060c \u062a\u0631\u0643\u064a\u0632\u0627\u064b \u0630\u0647\u0646\u064a\u0627\u064b \u062d\u0627\u062f\u0627\u064b\u060c \u0648\u0636\u062e\u0627\u064b \u0639\u0636\u0644\u064a\u0627\u064b \u0642\u0648\u064a\u0627\u064b. \u062d\u062c\u0645\u0647 (10 \u063a\u0631\u0627\u0645) \u0645\u062b\u0627\u0644\u064a \u0644\u062c\u0631\u0639\u0629 \u062f\u0642\u064a\u0642\u0629 \u0642\u0628\u0644 \u062d\u0635\u0629 \u0631\u064a\u0627\u0636\u064a\u0629 \u0642\u0648\u064a\u0629.<\/p>\n<\/li>\n<\/ul>","protected":false},"excerpt":{"rendered":"<p>\u00a0 Un booster de pr\u00e9-entra\u00eenement (Pre-workout) radical et ultra-concentr\u00e9, formul\u00e9 pour une intensit\u00e9 maximale. Avec une teneur \u00e9lev\u00e9e en caf\u00e9ine<\/p>","protected":false},"featured_media":2067,"comment_status":"open","ping_status":"closed","template":"","meta":[],"product_brand":[76],"product_cat":[91],"product_tag":[],"class_list":{"0":"post-2066","1":"product","2":"type-product","3":"status-publish","4":"has-post-thumbnail","6":"product_brand-biotechusa","7":"product_cat-energie-endurance","9":"first","10":"instock","11":"shipping-taxable","12":"purchasable","13":"product-type-simple"},"jetpack_sharing_enabled":true,"_links":{"self":[{"href":"https:\/\/dzbodyfit.shop\/ar\/wp-json\/wp\/v2\/product\/2066","targetHints":{"allow":["GET"]}}],"collection":[{"href":"https:\/\/dzbodyfit.shop\/ar\/wp-json\/wp\/v2\/product"}],"about":[{"href":"https:\/\/dzbodyfit.shop\/ar\/wp-json\/wp\/v2\/types\/product"}],"replies":[{"embeddable":true,"href":"https:\/\/dzbodyfit.shop\/ar\/wp-json\/wp\/v2\/comments?post=2066"}],"version-history":[{"count":1,"href":"https:\/\/dzbodyfit.shop\/ar\/wp-json\/wp\/v2\/product\/2066\/revisions"}],"predecessor-version":[{"id":2068,"href":"https:\/\/dzbodyfit.shop\/ar\/wp-json\/wp\/v2\/product\/2066\/revisions\/2068"}],"wp:featuredmedia":[{"embeddable":true,"href":"https:\/\/dzbodyfit.shop\/ar\/wp-json\/wp\/v2\/media\/2067"}],"wp:attachment":[{"href":"https:\/\/dzbodyfit.shop\/ar\/wp-json\/wp\/v2\/media?parent=2066"}],"wp:term":[{"taxonomy":"product_brand","embeddable":true,"href":"https:\/\/dzbodyfit.shop\/ar\/wp-json\/wp\/v2\/product_brand?post=2066"},{"taxonomy":"product_cat","embeddable":true,"href":"https:\/\/dzbodyfit.shop\/ar\/wp-json\/wp\/v2\/product_cat?post=2066"},{"taxonomy":"product_tag","embeddable":true,"href":"https:\/\/dzbodyfit.shop\/ar\/wp-json\/wp\/v2\/product_tag?post=2066"}],"curies":[{"name":"wp","href":"https:\/\/api.w.org\/{rel}","templated":true}]}}