{"id":2071,"date":"2026-03-31T21:56:20","date_gmt":"2026-03-31T21:56:20","guid":{"rendered":"https:\/\/dzbodyfit.shop\/?post_type=product&#038;p=2071"},"modified":"2026-03-31T22:07:05","modified_gmt":"2026-03-31T22:07:05","slug":"trec-nutrition-whey-100-3-kg","status":"publish","type":"product","link":"https:\/\/dzbodyfit.shop\/ar\/product\/trec-nutrition-whey-100-3-kg\/","title":{"rendered":"Trec Nutrition Whey 100%  3kg"},"content":{"rendered":"<ul>\n<li>\n<p data-path-to-node=\"3,0,0\">\u00a0Un concentr\u00e9 de prot\u00e9ines de lactos\u00e9rum (Whey) de premi\u00e8re qualit\u00e9, riche en acides amin\u00e9s essentiels et en BCAA. Cette formule est con\u00e7ue pour soutenir la croissance musculaire et acc\u00e9l\u00e9rer la r\u00e9paration des tissus apr\u00e8s l&rsquo;effort. Sa texture onctueuse et son go\u00fbt d\u00e9licat de vanille en font un shake savoureux et facile \u00e0 dig\u00e9rer, id\u00e9al pour compl\u00e9ter vos besoins quotidiens en prot\u00e9ines.<\/p>\n<\/li>\n<li>\n<p data-path-to-node=\"3,1,0\">\u00a0\u0645\u0631\u0643\u0632 \u0628\u0631\u0648\u062a\u064a\u0646 \u0645\u0635\u0644 \u0627\u0644\u0644\u0628\u0646 (Whey) \u0639\u0627\u0644\u064a \u0627\u0644\u062c\u0648\u062f\u0629\u060c \u063a\u0646\u064a \u0628\u0627\u0644\u0623\u062d\u0645\u0627\u0636 \u0627\u0644\u0623\u0645\u064a\u0646\u064a\u0629 \u0627\u0644\u0623\u0633\u0627\u0633\u064a\u0629 \u0648BCAA. \u062a\u0645 \u062a\u0635\u0645\u064a\u0645 \u0647\u0630\u0647 \u0627\u0644\u062a\u0631\u0643\u064a\u0628\u0629 \u0644\u062f\u0639\u0645 \u0627\u0644\u0646\u0645\u0648 \u0627\u0644\u0639\u0636\u0644\u064a \u0648\u062a\u0633\u0631\u064a\u0639 \u062a\u0631\u0645\u064a\u0645 \u0627\u0644\u0623\u0646\u0633\u062c\u0629 \u0628\u0639\u062f \u0627\u0644\u0645\u062c\u0647\u0648\u062f \u0627\u0644\u0628\u062f\u0646\u064a. \u0642\u0648\u0627\u0645\u0647 \u0627\u0644\u0643\u0631\u064a\u0645\u064a \u0648\u0646\u0643\u0647\u0629 \u0627\u0644\u0641\u0627\u0646\u064a\u0644\u064a\u0627 \u0627\u0644\u0644\u0630\u064a\u0630\u0629 \u062a\u062c\u0639\u0644\u0647 \u0645\u062e\u0641\u0648\u0642\u0627\u064b \u0645\u0645\u062a\u0639\u0627\u064b \u0648\u0633\u0647\u0644 \u0627\u0644\u0647\u0636\u0645\u060c \u0648\u0647\u0648 \u0645\u062b\u0627\u0644\u064a \u0644\u062a\u0643\u0645\u0644\u0629 \u0627\u062d\u062a\u064a\u0627\u062c\u0627\u062a\u0643 \u0627\u0644\u064a\u0648\u0645\u064a\u0629 \u0645\u0646 \u0627\u0644\u0628\u0631\u0648\u062a\u064a\u0646.<\/p>\n<\/li>\n<\/ul>","protected":false},"excerpt":{"rendered":"<p>\u00a0Un concentr\u00e9 de prot\u00e9ines de lactos\u00e9rum (Whey) de premi\u00e8re qualit\u00e9, riche en acides amin\u00e9s essentiels et en BCAA. Cette formule<\/p>","protected":false},"featured_media":2075,"comment_status":"open","ping_status":"closed","template":"","meta":[],"product_brand":[104],"product_cat":[89,90],"product_tag":[],"class_list":{"0":"post-2071","1":"product","2":"type-product","3":"status-publish","4":"has-post-thumbnail","6":"product_brand-trec","7":"product_cat-proteins","8":"product_cat-fat-loss","10":"first","11":"instock","12":"shipping-taxable","13":"product-type-simple"},"jetpack_sharing_enabled":true,"_links":{"self":[{"href":"https:\/\/dzbodyfit.shop\/ar\/wp-json\/wp\/v2\/product\/2071","targetHints":{"allow":["GET"]}}],"collection":[{"href":"https:\/\/dzbodyfit.shop\/ar\/wp-json\/wp\/v2\/product"}],"about":[{"href":"https:\/\/dzbodyfit.shop\/ar\/wp-json\/wp\/v2\/types\/product"}],"replies":[{"embeddable":true,"href":"https:\/\/dzbodyfit.shop\/ar\/wp-json\/wp\/v2\/comments?post=2071"}],"version-history":[{"count":3,"href":"https:\/\/dzbodyfit.shop\/ar\/wp-json\/wp\/v2\/product\/2071\/revisions"}],"predecessor-version":[{"id":2077,"href":"https:\/\/dzbodyfit.shop\/ar\/wp-json\/wp\/v2\/product\/2071\/revisions\/2077"}],"wp:featuredmedia":[{"embeddable":true,"href":"https:\/\/dzbodyfit.shop\/ar\/wp-json\/wp\/v2\/media\/2075"}],"wp:attachment":[{"href":"https:\/\/dzbodyfit.shop\/ar\/wp-json\/wp\/v2\/media?parent=2071"}],"wp:term":[{"taxonomy":"product_brand","embeddable":true,"href":"https:\/\/dzbodyfit.shop\/ar\/wp-json\/wp\/v2\/product_brand?post=2071"},{"taxonomy":"product_cat","embeddable":true,"href":"https:\/\/dzbodyfit.shop\/ar\/wp-json\/wp\/v2\/product_cat?post=2071"},{"taxonomy":"product_tag","embeddable":true,"href":"https:\/\/dzbodyfit.shop\/ar\/wp-json\/wp\/v2\/product_tag?post=2071"}],"curies":[{"name":"wp","href":"https:\/\/api.w.org\/{rel}","templated":true}]}}