{"id":2078,"date":"2026-03-31T22:12:02","date_gmt":"2026-03-31T22:12:02","guid":{"rendered":"https:\/\/dzbodyfit.shop\/?post_type=product&#038;p=2078"},"modified":"2026-04-02T22:36:00","modified_gmt":"2026-04-02T22:36:00","slug":"reborn-isowhey-black-3kg","status":"publish","type":"product","link":"https:\/\/dzbodyfit.shop\/ar\/product\/reborn-isowhey-black-3kg\/","title":{"rendered":"Reborn IsoWhey Black"},"content":{"rendered":"<ul>\n<li>\n<p data-path-to-node=\"3,0,0\"><b>\u00a0<\/b> Un isolat de prot\u00e9ine de lactos\u00e9rum (Whey Isolate) de qualit\u00e9 sup\u00e9rieure, con\u00e7u pour une puret\u00e9 maximale et une absorption ultra-rapide. Cette formule \u00ab\u00a0Black Edition\u00a0\u00bb est pratiquement sans lactose, sans graisses et sans sucres ajout\u00e9s, ce qui la rend id\u00e9ale pour la d\u00e9finition musculaire (s\u00e8che) et une r\u00e9cup\u00e9ration post-entra\u00eenement optimale sans apport calorique inutile.<\/p>\n<\/li>\n<li>\n<p data-path-to-node=\"3,1,0\"><b>\u00a0<\/b>\u0645\u0639\u0632\u0648\u0644 \u0628\u0631\u0648\u062a\u064a\u0646 \u0645\u0635\u0644 \u0627\u0644\u0644\u0628\u0646 (Whey Isolate) \u0641\u0627\u0626\u0642 \u0627\u0644\u062c\u0648\u062f\u0629\u060c \u0645\u0635\u0645\u0645 \u0644\u0636\u0645\u0627\u0646 \u0623\u0642\u0635\u0649 \u062f\u0631\u062c\u0627\u062a \u0627\u0644\u0646\u0642\u0627\u0621 \u0648\u0627\u0645\u062a\u0635\u0627\u0635 \u0633\u0631\u064a\u0639 \u062c\u062f\u0627\u064b. \u062a\u062a\u0645\u064a\u0632 \u0646\u0633\u062e\u0629 \u00ab\u00a0\u0628\u0644\u0627\u0643 \u0625\u062f\u064a\u0634\u0646\u00a0\u00bb \u0628\u062e\u0644\u0648\u0647\u0627 \u062a\u0642\u0631\u064a\u0628\u0627\u064b \u0645\u0646 \u0627\u0644\u0644\u0627\u0643\u062a\u0648\u0632 \u0648\u0627\u0644\u062f\u0647\u0648\u0646 \u0648\u0627\u0644\u0633\u0643\u0631\u064a\u0627\u062a \u0627\u0644\u0645\u0636\u0627\u0641\u0629\u060c \u0645\u0645\u0627 \u064a\u062c\u0639\u0644\u0647\u0627 \u0645\u062b\u0627\u0644\u064a\u0629 \u0644\u0641\u062a\u0631\u0629 \u0627\u0644\u062a\u0646\u0634\u064a\u0641 \u0627\u0644\u0639\u0636\u0644\u064a \u0648\u0627\u0644\u0627\u0633\u062a\u0634\u0641\u0627\u0621 \u0627\u0644\u0623\u0645\u062b\u0644 \u0628\u0639\u062f \u0627\u0644\u062a\u0645\u0631\u064a\u0646 \u062f\u0648\u0646 \u0633\u0639\u0631\u0627\u062a \u062d\u0631\u0627\u0631\u064a\u0629 \u0632\u0627\u0626\u062f\u0629.<\/p>\n<\/li>\n<\/ul>","protected":false},"excerpt":{"rendered":"<p>\u00a0 Un isolat de prot\u00e9ine de lactos\u00e9rum (Whey Isolate) de qualit\u00e9 sup\u00e9rieure, con\u00e7u pour une puret\u00e9 maximale et une absorption<\/p>","protected":false},"featured_media":2079,"comment_status":"open","ping_status":"closed","template":"","meta":[],"product_brand":[88],"product_cat":[89,90],"product_tag":[],"class_list":{"0":"post-2078","1":"product","2":"type-product","3":"status-publish","4":"has-post-thumbnail","6":"product_brand-reborn","7":"product_cat-proteins","8":"product_cat-fat-loss","10":"first","11":"instock","12":"shipping-taxable","13":"purchasable","14":"product-type-variable"},"jetpack_sharing_enabled":true,"_links":{"self":[{"href":"https:\/\/dzbodyfit.shop\/ar\/wp-json\/wp\/v2\/product\/2078","targetHints":{"allow":["GET"]}}],"collection":[{"href":"https:\/\/dzbodyfit.shop\/ar\/wp-json\/wp\/v2\/product"}],"about":[{"href":"https:\/\/dzbodyfit.shop\/ar\/wp-json\/wp\/v2\/types\/product"}],"replies":[{"embeddable":true,"href":"https:\/\/dzbodyfit.shop\/ar\/wp-json\/wp\/v2\/comments?post=2078"}],"version-history":[{"count":3,"href":"https:\/\/dzbodyfit.shop\/ar\/wp-json\/wp\/v2\/product\/2078\/revisions"}],"predecessor-version":[{"id":2116,"href":"https:\/\/dzbodyfit.shop\/ar\/wp-json\/wp\/v2\/product\/2078\/revisions\/2116"}],"wp:featuredmedia":[{"embeddable":true,"href":"https:\/\/dzbodyfit.shop\/ar\/wp-json\/wp\/v2\/media\/2079"}],"wp:attachment":[{"href":"https:\/\/dzbodyfit.shop\/ar\/wp-json\/wp\/v2\/media?parent=2078"}],"wp:term":[{"taxonomy":"product_brand","embeddable":true,"href":"https:\/\/dzbodyfit.shop\/ar\/wp-json\/wp\/v2\/product_brand?post=2078"},{"taxonomy":"product_cat","embeddable":true,"href":"https:\/\/dzbodyfit.shop\/ar\/wp-json\/wp\/v2\/product_cat?post=2078"},{"taxonomy":"product_tag","embeddable":true,"href":"https:\/\/dzbodyfit.shop\/ar\/wp-json\/wp\/v2\/product_tag?post=2078"}],"curies":[{"name":"wp","href":"https:\/\/api.w.org\/{rel}","templated":true}]}}